{"id":1661,"date":"2020-03-31T09:32:05","date_gmt":"2020-03-31T09:32:05","guid":{"rendered":"https:\/\/www.serraprocess.com\/salt-harvesting\/"},"modified":"2025-03-29T10:12:10","modified_gmt":"2025-03-29T10:12:10","slug":"recolteurs-de-sel","status":"publish","type":"page","link":"https:\/\/www.serraprocess.com\/fr\/recolteurs-de-sel\/","title":{"rendered":"R\u00e9colteurs de sel"},"content":{"rendered":"\n<h1>\n\t\tR\u00c9COLTEURS\u00a0DE SEL\n\t<\/h1>\n\tNous avons d\u00e9velopp\u00e9 une m\u00e9thode sp\u00e9cialis\u00e9e de r\u00e9colte du sel qui extrait efficacement le sel du cristallisoir. Cette m\u00e9thode minimise les d\u00e9chets et maximise la puret\u00e9, offrant ainsi des r\u00e9sultats sup\u00e9rieurs pour le traitement industriel du sel.\n<h2>\n\t\tR\u00c9COLTEURS DE SEL\n\t<\/h2>\n\t<p>Les r\u00e9cup\u00e9rateurs de sel Serra permettent aux exploitants de salines de r\u00e9colter facilement le sel sur le terrain et de le transporter directement dans des camions pour le d\u00e9charger dans les stocks ou sur les cha\u00eenes de traitement. Con\u00e7us pour fonctionner avec des couches de 20 \u00e0 35 cm, les r\u00e9cup\u00e9rateurs de sel Serra offrent des capacit\u00e9s allant de 50 \u00e0 200 tonnes par heure, garantissant une r\u00e9colte efficace et \u00e0 haut volume.<\/p>\n\t<iframe loading=\"lazy\" title=\"Serra Salt Harvester R1200\" width=\"500\" height=\"281\" src=\"https:\/\/www.youtube.com\/embed\/UGTSsg-ZB6Q?feature=oembed\" frameborder=\"0\" allow=\"accelerometer; autoplay; clipboard-write; encrypted-media; gyroscope; picture-in-picture; web-share\" referrerpolicy=\"strict-origin-when-cross-origin\" allowfullscreen><\/iframe>\n\t\t\t\t<img loading=\"lazy\" decoding=\"async\" src=\"https:\/\/www.serraprocess.com\/wp-content\/uploads\/2022\/02\/Harvester-2.jpg\" alt=\"salt harvesting\" itemprop=\"image\" height=\"960\" width=\"1280\" title=\"Harvester 2\" onerror=\"this.style.display='none'\"  \/>\n<h2>\n\t\tAVANTAGES ET CARACTERISTIQUES DE NOTRE R\u00c9COLTEUR DE SEL\n\t<\/h2>\n\t\t\t <p>La machine est actionn\u00e9e par une seule personne.<\/p>\t\t\n\t\t\t <p>Conception tout-en-un robuste, avec une longue dur\u00e9e de vie<\/p>\t\t\n\t\t\t <p>Fabriqu\u00e9 avec les meilleurs mat\u00e9riaux pour une plus grande r\u00e9sistance et pour \u00e9viter la corrosion.<\/p>\t\t\n\t\t\t <p>Une machine tout en un. Avec le rotavator int\u00e9gr\u00e9 dans la moissonneuse.<\/p>\t\t\n\t<h2>\n\t\tSerra Salt Machinery\n\t<\/h2>\n\tNous sommes des experts en ing\u00e9nierie ax\u00e9s sur la livraison de projets salins et \u00e9quipements<br \/>\nselon les demandes personnalis\u00e9es des clients.\n\n","protected":false},"excerpt":{"rendered":"<p>R\u00c9COLTEURS\u00a0DE SEL Nous avons d\u00e9velopp\u00e9 une m\u00e9thode sp\u00e9cialis\u00e9e de r\u00e9colte du sel qui extrait efficacement le sel du cristallisoir. Cette m\u00e9thode minimise les d\u00e9chets et maximise la puret\u00e9, offrant ainsi des r\u00e9sultats sup\u00e9rieurs pour le traitement industriel du sel. R\u00c9COLTEURS DE SEL Les r\u00e9cup\u00e9rateurs de sel Serra permettent aux exploitants de salines de r\u00e9colter facilement&hellip;<\/p>\n","protected":false},"author":1,"featured_media":0,"parent":0,"menu_order":0,"comment_status":"closed","ping_status":"closed","template":"","meta":{"inline_featured_image":false,"footnotes":""},"class_list":["post-1661","page","type-page","status-publish","hentry"],"_links":{"self":[{"href":"https:\/\/www.serraprocess.com\/fr\/wp-json\/wp\/v2\/pages\/1661","targetHints":{"allow":["GET"]}}],"collection":[{"href":"https:\/\/www.serraprocess.com\/fr\/wp-json\/wp\/v2\/pages"}],"about":[{"href":"https:\/\/www.serraprocess.com\/fr\/wp-json\/wp\/v2\/types\/page"}],"author":[{"embeddable":true,"href":"https:\/\/www.serraprocess.com\/fr\/wp-json\/wp\/v2\/users\/1"}],"replies":[{"embeddable":true,"href":"https:\/\/www.serraprocess.com\/fr\/wp-json\/wp\/v2\/comments?post=1661"}],"version-history":[{"count":14,"href":"https:\/\/www.serraprocess.com\/fr\/wp-json\/wp\/v2\/pages\/1661\/revisions"}],"predecessor-version":[{"id":3520,"href":"https:\/\/www.serraprocess.com\/fr\/wp-json\/wp\/v2\/pages\/1661\/revisions\/3520"}],"wp:attachment":[{"href":"https:\/\/www.serraprocess.com\/fr\/wp-json\/wp\/v2\/media?parent=1661"}],"curies":[{"name":"wp","href":"https:\/\/api.w.org\/{rel}","templated":true}]}}